{"id":418,"date":"2023-01-23T10:28:44","date_gmt":"2023-01-23T09:28:44","guid":{"rendered":"http:\/\/insolits.com\/som-insolits\/"},"modified":"2024-03-06T18:02:53","modified_gmt":"2024-03-06T17:02:53","slug":"som-insolits","status":"publish","type":"page","link":"https:\/\/insolits.com\/ca\/som-insolits\/","title":{"rendered":"Som Insolits"},"content":{"rendered":"\t\t<div data-elementor-type=\"wp-page\" data-elementor-id=\"418\" class=\"elementor elementor-418 elementor-39\" data-elementor-post-type=\"page\">\n\t\t\t\t<div class=\"elementor-element elementor-element-e6809c7 e-flex e-con-boxed e-con e-parent\" data-id=\"e6809c7\" data-element_type=\"container\" data-e-type=\"container\">\n\t\t\t\t\t<div class=\"e-con-inner\">\n\t\t\t\t<div class=\"elementor-element elementor-element-77472c9 elementor-view-default elementor-invisible elementor-widget elementor-widget-icon\" data-id=\"77472c9\" data-element_type=\"widget\" data-e-type=\"widget\" data-settings=\"{&quot;_animation&quot;:&quot;fadeInDown&quot;}\" data-widget_type=\"icon.default\">\n\t\t\t\t<div class=\"elementor-widget-container\">\n\t\t\t\t\t\t\t<div class=\"elementor-icon-wrapper\">\n\t\t\t<div class=\"elementor-icon\">\n\t\t\t<svg xmlns=\"http:\/\/www.w3.org\/2000\/svg\" id=\"b9baf0b8-d118-49b1-a795-ba48bc328f4e\" data-name=\"Capa 2\" width=\"32.46mm\" height=\"13.05mm\" viewBox=\"0 0 92 37\"><defs><style>.ad7b0513-31b9-466f-9c7f-9d6852ed1249{fill:#da953a;}<\/style><\/defs><polygon class=\"ad7b0513-31b9-466f-9c7f-9d6852ed1249\" points=\"8.5 12 3.5 17 24.5 34 27.5 31 8.5 12\"><\/polygon><polygon class=\"ad7b0513-31b9-466f-9c7f-9d6852ed1249\" points=\"44.5 5 52.5 4 50.5 25 46.5 25 44.5 5\"><\/polygon><polygon class=\"ad7b0513-31b9-466f-9c7f-9d6852ed1249\" points=\"83.5 12 89.5 18 70.5 32 67.5 29 83.5 12\"><\/polygon><\/svg>\t\t\t<\/div>\n\t\t<\/div>\n\t\t\t\t\t\t<\/div>\n\t\t\t\t<\/div>\n\t\t\t\t<div class=\"elementor-element elementor-element-1a90131 elementor-invisible elementor-widget elementor-widget-heading\" data-id=\"1a90131\" data-element_type=\"widget\" data-e-type=\"widget\" data-settings=\"{&quot;_animation&quot;:&quot;fadeIn&quot;}\" data-widget_type=\"heading.default\">\n\t\t\t\t<div class=\"elementor-widget-container\">\n\t\t\t\t\t<h4 class=\"elementor-heading-title elementor-size-default\">Som<\/h4>\t\t\t\t<\/div>\n\t\t\t\t<\/div>\n\t\t\t\t<div class=\"elementor-element elementor-element-381fbca elementor-invisible elementor-widget elementor-widget-heading\" data-id=\"381fbca\" data-element_type=\"widget\" data-e-type=\"widget\" data-settings=\"{&quot;_animation&quot;:&quot;fadeInUp&quot;}\" data-widget_type=\"heading.default\">\n\t\t\t\t<div class=\"elementor-widget-container\">\n\t\t\t\t\t<h4 class=\"elementor-heading-title elementor-size-default\">Insolits<\/h4>\t\t\t\t<\/div>\n\t\t\t\t<\/div>\n\t\t\t\t\t<\/div>\n\t\t\t\t<\/div>\n\t\t<div class=\"elementor-element elementor-element-906cbc9 e-flex e-con-boxed elementor-invisible e-con e-parent\" data-id=\"906cbc9\" data-element_type=\"container\" data-e-type=\"container\" data-settings=\"{&quot;animation&quot;:&quot;fadeIn&quot;}\">\n\t\t\t\t\t<div class=\"e-con-inner\">\n\t\t\t\t<div class=\"elementor-element elementor-element-dc31022 elementor-widget elementor-widget-heading\" data-id=\"dc31022\" data-element_type=\"widget\" data-e-type=\"widget\" data-widget_type=\"heading.default\">\n\t\t\t\t<div class=\"elementor-widget-container\">\n\t\t\t\t\t<h2 class=\"elementor-heading-title elementor-size-default\">25 anys creant il\u00b7lusions<\/h2>\t\t\t\t<\/div>\n\t\t\t\t<\/div>\n\t\t\t\t<div class=\"elementor-element elementor-element-b21adc3 elementor-widget elementor-widget-text-editor\" data-id=\"b21adc3\" data-element_type=\"widget\" data-e-type=\"widget\" data-widget_type=\"text-editor.default\">\n\t\t\t\t<div class=\"elementor-widget-container\">\n\t\t\t\t\t\t\t\t\t<p>Hi ha hagut molts llocs on hem treballat i continuem fent-ho amb el mateix entusiasme i desig de el primer dia.<\/p>\n<p>\u00c9s l&#8217;extraordin\u00e0ria riquesa de les arts esc\u00e8niques el que estimem tant. Oferint-la oportunitat de treballar en carrers i places de moltes ciutats de l&#8217;m\u00f3n, parcs d&#8217;atraccions, creuers, grans esdeveniments i festivals internacionals.<\/p>\n<p>Els nostres espectacles s\u00f3n accions d&#8217;impacte visual, c\u00f2mic i provocatiu. Especialment creat per transformar espais en ambients m\u00e0gics. Aquests personatges transmeten amb la seva imatge i accions, incertesa, curiositat, deixant als espectadors de totes les edats que poden imaginar la hist\u00f2ria del que estan veient.<\/p>\n<p>Els convido a descobrir el contingut d&#8217;aquest web, els seus diversos espectacles, els seus personatges ins\u00f2lits i espero que aviat puguin gaudir de tenir-los a prop.<\/p>\n<p><strong>Luis Miguel Pardo<\/strong><br \/>\nActor, Director i Productor<\/p>\n\t\t\t\t\t\t\t\t<\/div>\n\t\t\t\t<\/div>\n\t\t\t\t<div class=\"elementor-element elementor-element-cc66b3e elementor-widget elementor-widget-video\" data-id=\"cc66b3e\" data-element_type=\"widget\" data-e-type=\"widget\" data-settings=\"{&quot;youtube_url&quot;:&quot;https:\\\/\\\/www.youtube.com\\\/watch?v=ObmltwSqeoM&quot;,&quot;autoplay&quot;:&quot;yes&quot;,&quot;play_on_mobile&quot;:&quot;yes&quot;,&quot;mute&quot;:&quot;yes&quot;,&quot;loop&quot;:&quot;yes&quot;,&quot;video_type&quot;:&quot;youtube&quot;,&quot;controls&quot;:&quot;yes&quot;}\" data-widget_type=\"video.default\">\n\t\t\t\t<div class=\"elementor-widget-container\">\n\t\t\t\t\t\t\t<div class=\"elementor-wrapper elementor-open-inline\">\n\t\t\t<div class=\"elementor-video\"><\/div>\t\t<\/div>\n\t\t\t\t\t\t<\/div>\n\t\t\t\t<\/div>\n\t\t\t\t<div class=\"elementor-element elementor-element-f8b148e elementor-align-center elementor-widget elementor-widget-button\" data-id=\"f8b148e\" data-element_type=\"widget\" data-e-type=\"widget\" data-widget_type=\"button.default\">\n\t\t\t\t<div class=\"elementor-widget-container\">\n\t\t\t\t\t\t\t\t\t<div class=\"elementor-button-wrapper\">\n\t\t\t\t\t<a class=\"elementor-button elementor-button-link elementor-size-xl\" href=\"https:\/\/insolits.com\/ca\/contacte\/\">\n\t\t\t\t\t\t<span class=\"elementor-button-content-wrapper\">\n\t\t\t\t\t\t\t\t\t<span class=\"elementor-button-text\">Contacta'ns<\/span>\n\t\t\t\t\t<\/span>\n\t\t\t\t\t<\/a>\n\t\t\t\t<\/div>\n\t\t\t\t\t\t\t\t<\/div>\n\t\t\t\t<\/div>\n\t\t\t\t\t<\/div>\n\t\t\t\t<\/div>\n\t\t\t\t<\/div>\n\t\t","protected":false},"excerpt":{"rendered":"<p>Som Insolits Contacta&#8217;ns<\/p>\n","protected":false},"author":1,"featured_media":0,"parent":0,"menu_order":0,"comment_status":"closed","ping_status":"closed","template":"","meta":{"_acf_changed":false,"_joinchat":[],"footnotes":""},"class_list":["post-418","page","type-page","status-publish","hentry"],"acf":[],"yoast_head":"<!-- This site is optimized with the Yoast SEO plugin v27.4 - https:\/\/yoast.com\/product\/yoast-seo-wordpress\/ -->\n<title>Som Insolits ~ Insolits<\/title>\n<meta name=\"robots\" content=\"index, follow, max-snippet:-1, max-image-preview:large, max-video-preview:-1\" \/>\n<link rel=\"canonical\" href=\"https:\/\/insolits.com\/ca\/som-insolits\/\" \/>\n<meta property=\"og:locale\" content=\"ca_ES\" \/>\n<meta property=\"og:type\" content=\"article\" \/>\n<meta property=\"og:title\" content=\"Som Insolits ~ Insolits\" \/>\n<meta property=\"og:description\" content=\"Som Insolits Contacta&#8217;ns\" \/>\n<meta property=\"og:url\" content=\"https:\/\/insolits.com\/ca\/som-insolits\/\" \/>\n<meta property=\"og:site_name\" content=\"Insolits\" \/>\n<meta property=\"article:modified_time\" content=\"2024-03-06T17:02:53+00:00\" \/>\n<meta name=\"twitter:card\" content=\"summary_large_image\" \/>\n<script type=\"application\/ld+json\" class=\"yoast-schema-graph\">{\"@context\":\"https:\\\/\\\/schema.org\",\"@graph\":[{\"@type\":\"WebPage\",\"@id\":\"https:\\\/\\\/insolits.com\\\/ca\\\/som-insolits\\\/\",\"url\":\"https:\\\/\\\/insolits.com\\\/ca\\\/som-insolits\\\/\",\"name\":\"Som Insolits ~ Insolits\",\"isPartOf\":{\"@id\":\"http:\\\/\\\/insolits.com\\\/ca\\\/#website\"},\"datePublished\":\"2023-01-23T09:28:44+00:00\",\"dateModified\":\"2024-03-06T17:02:53+00:00\",\"breadcrumb\":{\"@id\":\"https:\\\/\\\/insolits.com\\\/ca\\\/som-insolits\\\/#breadcrumb\"},\"inLanguage\":\"ca\",\"potentialAction\":[{\"@type\":\"ReadAction\",\"target\":[\"https:\\\/\\\/insolits.com\\\/ca\\\/som-insolits\\\/\"]}]},{\"@type\":\"BreadcrumbList\",\"@id\":\"https:\\\/\\\/insolits.com\\\/ca\\\/som-insolits\\\/#breadcrumb\",\"itemListElement\":[{\"@type\":\"ListItem\",\"position\":1,\"name\":\"Portada\",\"item\":\"https:\\\/\\\/insolits.com\\\/ca\\\/insolits\\\/\"},{\"@type\":\"ListItem\",\"position\":2,\"name\":\"Som Insolits\"}]},{\"@type\":\"WebSite\",\"@id\":\"http:\\\/\\\/insolits.com\\\/ca\\\/#website\",\"url\":\"http:\\\/\\\/insolits.com\\\/ca\\\/\",\"name\":\"Insolits\",\"description\":\"Teatre de carrer\",\"publisher\":{\"@id\":\"http:\\\/\\\/insolits.com\\\/ca\\\/#organization\"},\"alternateName\":\"Insolits - Performing Arts\",\"potentialAction\":[{\"@type\":\"SearchAction\",\"target\":{\"@type\":\"EntryPoint\",\"urlTemplate\":\"http:\\\/\\\/insolits.com\\\/ca\\\/?s={search_term_string}\"},\"query-input\":{\"@type\":\"PropertyValueSpecification\",\"valueRequired\":true,\"valueName\":\"search_term_string\"}}],\"inLanguage\":\"ca\"},{\"@type\":\"Organization\",\"@id\":\"http:\\\/\\\/insolits.com\\\/ca\\\/#organization\",\"name\":\"Insolits\",\"alternateName\":\"Insolits - Performing Arts\",\"url\":\"http:\\\/\\\/insolits.com\\\/ca\\\/\",\"logo\":{\"@type\":\"ImageObject\",\"inLanguage\":\"ca\",\"@id\":\"http:\\\/\\\/insolits.com\\\/ca\\\/#\\\/schema\\\/logo\\\/image\\\/\",\"url\":\"https:\\\/\\\/insolits.com\\\/wp-content\\\/uploads\\\/2023\\\/01\\\/logo-insolits.webp\",\"contentUrl\":\"https:\\\/\\\/insolits.com\\\/wp-content\\\/uploads\\\/2023\\\/01\\\/logo-insolits.webp\",\"width\":1920,\"height\":840,\"caption\":\"Insolits\"},\"image\":{\"@id\":\"http:\\\/\\\/insolits.com\\\/ca\\\/#\\\/schema\\\/logo\\\/image\\\/\"}}]}<\/script>\n<!-- \/ Yoast SEO plugin. -->","yoast_head_json":{"title":"Som Insolits ~ Insolits","robots":{"index":"index","follow":"follow","max-snippet":"max-snippet:-1","max-image-preview":"max-image-preview:large","max-video-preview":"max-video-preview:-1"},"canonical":"https:\/\/insolits.com\/ca\/som-insolits\/","og_locale":"ca_ES","og_type":"article","og_title":"Som Insolits ~ Insolits","og_description":"Som Insolits Contacta&#8217;ns","og_url":"https:\/\/insolits.com\/ca\/som-insolits\/","og_site_name":"Insolits","article_modified_time":"2024-03-06T17:02:53+00:00","twitter_card":"summary_large_image","schema":{"@context":"https:\/\/schema.org","@graph":[{"@type":"WebPage","@id":"https:\/\/insolits.com\/ca\/som-insolits\/","url":"https:\/\/insolits.com\/ca\/som-insolits\/","name":"Som Insolits ~ Insolits","isPartOf":{"@id":"http:\/\/insolits.com\/ca\/#website"},"datePublished":"2023-01-23T09:28:44+00:00","dateModified":"2024-03-06T17:02:53+00:00","breadcrumb":{"@id":"https:\/\/insolits.com\/ca\/som-insolits\/#breadcrumb"},"inLanguage":"ca","potentialAction":[{"@type":"ReadAction","target":["https:\/\/insolits.com\/ca\/som-insolits\/"]}]},{"@type":"BreadcrumbList","@id":"https:\/\/insolits.com\/ca\/som-insolits\/#breadcrumb","itemListElement":[{"@type":"ListItem","position":1,"name":"Portada","item":"https:\/\/insolits.com\/ca\/insolits\/"},{"@type":"ListItem","position":2,"name":"Som Insolits"}]},{"@type":"WebSite","@id":"http:\/\/insolits.com\/ca\/#website","url":"http:\/\/insolits.com\/ca\/","name":"Insolits","description":"Teatre de carrer","publisher":{"@id":"http:\/\/insolits.com\/ca\/#organization"},"alternateName":"Insolits - Performing Arts","potentialAction":[{"@type":"SearchAction","target":{"@type":"EntryPoint","urlTemplate":"http:\/\/insolits.com\/ca\/?s={search_term_string}"},"query-input":{"@type":"PropertyValueSpecification","valueRequired":true,"valueName":"search_term_string"}}],"inLanguage":"ca"},{"@type":"Organization","@id":"http:\/\/insolits.com\/ca\/#organization","name":"Insolits","alternateName":"Insolits - Performing Arts","url":"http:\/\/insolits.com\/ca\/","logo":{"@type":"ImageObject","inLanguage":"ca","@id":"http:\/\/insolits.com\/ca\/#\/schema\/logo\/image\/","url":"https:\/\/insolits.com\/wp-content\/uploads\/2023\/01\/logo-insolits.webp","contentUrl":"https:\/\/insolits.com\/wp-content\/uploads\/2023\/01\/logo-insolits.webp","width":1920,"height":840,"caption":"Insolits"},"image":{"@id":"http:\/\/insolits.com\/ca\/#\/schema\/logo\/image\/"}}]}},"_links":{"self":[{"href":"https:\/\/insolits.com\/ca\/wp-json\/wp\/v2\/pages\/418","targetHints":{"allow":["GET"]}}],"collection":[{"href":"https:\/\/insolits.com\/ca\/wp-json\/wp\/v2\/pages"}],"about":[{"href":"https:\/\/insolits.com\/ca\/wp-json\/wp\/v2\/types\/page"}],"author":[{"embeddable":true,"href":"https:\/\/insolits.com\/ca\/wp-json\/wp\/v2\/users\/1"}],"replies":[{"embeddable":true,"href":"https:\/\/insolits.com\/ca\/wp-json\/wp\/v2\/comments?post=418"}],"version-history":[{"count":4,"href":"https:\/\/insolits.com\/ca\/wp-json\/wp\/v2\/pages\/418\/revisions"}],"predecessor-version":[{"id":1318,"href":"https:\/\/insolits.com\/ca\/wp-json\/wp\/v2\/pages\/418\/revisions\/1318"}],"wp:attachment":[{"href":"https:\/\/insolits.com\/ca\/wp-json\/wp\/v2\/media?parent=418"}],"curies":[{"name":"wp","href":"https:\/\/api.w.org\/{rel}","templated":true}]}}